{"id":1746,"date":"2022-11-07T14:14:15","date_gmt":"2022-11-07T12:14:15","guid":{"rendered":"https:\/\/aramgaleria.com\/?post_type=product&#038;p=1746"},"modified":"2022-11-16T13:42:22","modified_gmt":"2022-11-16T11:42:22","slug":"arroz-y-tartana-ii-b-ibanez-1894","status":"publish","type":"product","link":"https:\/\/aramgaleria.com\/en\/artworks\/arroz-y-tartana-ii-b-ibanez-1894\/","title":{"rendered":"Arroz y tartana II (B. Ib\u00e1\u00f1ez, 1894)"},"content":{"rendered":"<p>Exclusive collection of 10 ceramic plates hand painted by master craftsman J.M. Tos representing some of the literary works of the Valencian writer Blasco Ib\u00e1\u00f1ez.<\/p>\n<p>Representation of a scene from the famous novel <em>Arroz y tartana<\/em> published in 1894. It is the author&#8217;s first novel of his series of stories based in Valencian customs and traditions, published in 1894. According to some critics, it is the most valuable of his work. It was originally written as a political leaflet for the republican newspaper El Pueblo, which was directed by Blasco Ib\u00e1\u00f1ez himself, and later appeared as a book.<\/p>\n<p>It narrates the downfall of a family belonging to the trading class of the end of the 19th century, targeting against a social class &#8211; the still incipient Spanish bourgeoisie- which on many occasions finds it difficult to find a place in a society marked by fossilized structures.<\/p>\n<p>In 2003, Jos\u00e9 Antonio Escriv\u00e1 directed a series for the National Spanish TV based on the novel. It starred Carmen Maura and Jos\u00e9 Sancho.<\/p>\n","protected":false},"excerpt":{"rendered":"<p>Exclusive collection of 10 ceramic plates<\/p>\n<p><strong>Work:<\/strong> Representation of the novel <strong>Arroz y tartana<\/strong> published in 1894.<\/p>\n<p><strong>Technique:<\/strong> Artistic ceramics<\/p>\n<p><strong>Author:<\/strong> J.M. Tos<\/p>\n<p><strong>Dimensions:<\/strong> 30x30cm<\/p>\n<hr>\n<p><strong>Contact the Gallery for more information<\/strong><\/p>\n","protected":false},"featured_media":1748,"template":"","meta":{"_et_pb_use_builder":"","_et_pb_old_content":"","_et_gb_content_width":""},"product_brand":[],"product_cat":[248],"product_tag":[327,449,322,325,320,319,314,324,316,323,326,321,317,318,315,304],"class_list":{"0":"post-1746","1":"product","2":"type-product","3":"status-publish","4":"has-post-thumbnail","6":"product_cat-artistic-ceramics","7":"product_tag-activism","8":"product_tag-arte-en","9":"product_tag-artistic","10":"product_tag-blasco-en","11":"product_tag-ceramics","12":"product_tag-collection","13":"product_tag-costumbrism","14":"product_tag-exclusive","15":"product_tag-ibanez-en","16":"product_tag-master","17":"product_tag-novel-en","18":"product_tag-plate","19":"product_tag-tos-en","20":"product_tag-valencia-en","21":"product_tag-valencian","22":"product_tag-work","23":"pa_obra-original-en","24":"pa_tecnica-ceramics","26":"first","27":"instock","28":"taxable","29":"shipping-taxable","30":"product-type-simple"},"yoast_head":"<!-- This site is optimized with the Yoast SEO plugin v27.4 - https:\/\/yoast.com\/product\/yoast-seo-wordpress\/ -->\n<title>Arroz y tartana II (B. Ib\u00e1\u00f1ez, 1894) - Aram Art Gallery<\/title>\n<meta name=\"description\" content=\"Adaptation in ceramics of a hand-painted plate, representation of the novel by the Valencian author B. Ib\u00e1\u00f1ez Arroz y tartana published in 1894.\" \/>\n<meta name=\"robots\" content=\"index, follow, max-snippet:-1, max-image-preview:large, max-video-preview:-1\" \/>\n<link rel=\"canonical\" href=\"https:\/\/aramgaleria.com\/en\/artworks\/arroz-y-tartana-ii-b-ibanez-1894\/\" \/>\n<meta property=\"og:locale\" content=\"en_US\" \/>\n<meta property=\"og:type\" content=\"article\" \/>\n<meta property=\"og:title\" content=\"Arroz y tartana II (B. Ib\u00e1\u00f1ez, 1894) - Aram Art Gallery\" \/>\n<meta property=\"og:description\" content=\"Adaptation in ceramics of a hand-painted plate, representation of the novel by the Valencian author B. Ib\u00e1\u00f1ez Arroz y tartana published in 1894.\" \/>\n<meta property=\"og:url\" content=\"https:\/\/aramgaleria.com\/en\/artworks\/arroz-y-tartana-ii-b-ibanez-1894\/\" \/>\n<meta property=\"og:site_name\" content=\"Aram Art Gallery\" \/>\n<meta property=\"article:publisher\" content=\"https:\/\/www.facebook.com\/galeriadeartearam\" \/>\n<meta property=\"article:modified_time\" content=\"2022-11-16T11:42:22+00:00\" \/>\n<meta property=\"og:image\" content=\"https:\/\/aramgaleria.com\/wp-content\/uploads\/2022\/11\/Bi011.jpg\" \/>\n\t<meta property=\"og:image:width\" content=\"2202\" \/>\n\t<meta property=\"og:image:height\" content=\"2048\" \/>\n\t<meta property=\"og:image:type\" content=\"image\/jpeg\" \/>\n<meta name=\"twitter:card\" content=\"summary_large_image\" \/>\n<meta name=\"twitter:site\" content=\"@aramgaleria\" \/>\n<meta name=\"twitter:label1\" content=\"Est. reading time\" \/>\n\t<meta name=\"twitter:data1\" content=\"1 minute\" \/>\n<script type=\"application\/ld+json\" class=\"yoast-schema-graph\">{\"@context\":\"https:\\\/\\\/schema.org\",\"@graph\":[{\"@type\":\"WebPage\",\"@id\":\"https:\\\/\\\/aramgaleria.com\\\/en\\\/artworks\\\/arroz-y-tartana-ii-b-ibanez-1894\\\/\",\"url\":\"https:\\\/\\\/aramgaleria.com\\\/en\\\/artworks\\\/arroz-y-tartana-ii-b-ibanez-1894\\\/\",\"name\":\"Arroz y tartana II (B. Ib\u00e1\u00f1ez, 1894) - Aram Art Gallery\",\"isPartOf\":{\"@id\":\"https:\\\/\\\/aramgaleria.com\\\/en\\\/#website\"},\"primaryImageOfPage\":{\"@id\":\"https:\\\/\\\/aramgaleria.com\\\/en\\\/artworks\\\/arroz-y-tartana-ii-b-ibanez-1894\\\/#primaryimage\"},\"image\":{\"@id\":\"https:\\\/\\\/aramgaleria.com\\\/en\\\/artworks\\\/arroz-y-tartana-ii-b-ibanez-1894\\\/#primaryimage\"},\"thumbnailUrl\":\"https:\\\/\\\/aramgaleria.com\\\/wp-content\\\/uploads\\\/2022\\\/11\\\/Bi011.jpg\",\"datePublished\":\"2022-11-07T12:14:15+00:00\",\"dateModified\":\"2022-11-16T11:42:22+00:00\",\"description\":\"Adaptation in ceramics of a hand-painted plate, representation of the novel by the Valencian author B. Ib\u00e1\u00f1ez Arroz y tartana published in 1894.\",\"breadcrumb\":{\"@id\":\"https:\\\/\\\/aramgaleria.com\\\/en\\\/artworks\\\/arroz-y-tartana-ii-b-ibanez-1894\\\/#breadcrumb\"},\"inLanguage\":\"en-US\",\"potentialAction\":[{\"@type\":\"ReadAction\",\"target\":[\"https:\\\/\\\/aramgaleria.com\\\/en\\\/artworks\\\/arroz-y-tartana-ii-b-ibanez-1894\\\/\"]}]},{\"@type\":\"ImageObject\",\"inLanguage\":\"en-US\",\"@id\":\"https:\\\/\\\/aramgaleria.com\\\/en\\\/artworks\\\/arroz-y-tartana-ii-b-ibanez-1894\\\/#primaryimage\",\"url\":\"https:\\\/\\\/aramgaleria.com\\\/wp-content\\\/uploads\\\/2022\\\/11\\\/Bi011.jpg\",\"contentUrl\":\"https:\\\/\\\/aramgaleria.com\\\/wp-content\\\/uploads\\\/2022\\\/11\\\/Bi011.jpg\",\"width\":2202,\"height\":2048,\"caption\":\"plato ceramica decorativa novela iba\u00f1ez\"},{\"@type\":\"BreadcrumbList\",\"@id\":\"https:\\\/\\\/aramgaleria.com\\\/en\\\/artworks\\\/arroz-y-tartana-ii-b-ibanez-1894\\\/#breadcrumb\",\"itemListElement\":[{\"@type\":\"ListItem\",\"position\":1,\"name\":\"Portada\",\"item\":\"https:\\\/\\\/aramgaleria.com\\\/en\\\/\"},{\"@type\":\"ListItem\",\"position\":2,\"name\":\"ARTWORKS\",\"item\":\"https:\\\/\\\/aramgaleria.com\\\/en\\\/artworks\\\/\"},{\"@type\":\"ListItem\",\"position\":3,\"name\":\"Arroz y tartana II (B. Ib\u00e1\u00f1ez, 1894)\"}]},{\"@type\":\"WebSite\",\"@id\":\"https:\\\/\\\/aramgaleria.com\\\/en\\\/#website\",\"url\":\"https:\\\/\\\/aramgaleria.com\\\/en\\\/\",\"name\":\"Galer\u00eda de Arte Aram\",\"description\":\"Space for the promotion and sale of works of art.\",\"publisher\":{\"@id\":\"https:\\\/\\\/aramgaleria.com\\\/en\\\/#organization\"},\"potentialAction\":[{\"@type\":\"SearchAction\",\"target\":{\"@type\":\"EntryPoint\",\"urlTemplate\":\"https:\\\/\\\/aramgaleria.com\\\/en\\\/?s={search_term_string}\"},\"query-input\":{\"@type\":\"PropertyValueSpecification\",\"valueRequired\":true,\"valueName\":\"search_term_string\"}}],\"inLanguage\":\"en-US\"},{\"@type\":\"Organization\",\"@id\":\"https:\\\/\\\/aramgaleria.com\\\/en\\\/#organization\",\"name\":\"Galer\u00eda de Arte Aram\",\"url\":\"https:\\\/\\\/aramgaleria.com\\\/en\\\/\",\"logo\":{\"@type\":\"ImageObject\",\"inLanguage\":\"en-US\",\"@id\":\"https:\\\/\\\/aramgaleria.com\\\/en\\\/#\\\/schema\\\/logo\\\/image\\\/\",\"url\":\"https:\\\/\\\/aramgaleria.com\\\/wp-content\\\/uploads\\\/2025\\\/08\\\/www.aramgaleria.com_.png\",\"contentUrl\":\"https:\\\/\\\/aramgaleria.com\\\/wp-content\\\/uploads\\\/2025\\\/08\\\/www.aramgaleria.com_.png\",\"width\":1366,\"height\":768,\"caption\":\"Galer\u00eda de Arte Aram\"},\"image\":{\"@id\":\"https:\\\/\\\/aramgaleria.com\\\/en\\\/#\\\/schema\\\/logo\\\/image\\\/\"},\"sameAs\":[\"https:\\\/\\\/www.facebook.com\\\/galeriadeartearam\",\"https:\\\/\\\/x.com\\\/aramgaleria\",\"https:\\\/\\\/www.instagram.com\\\/galeria_aram\\\/\"]}]}<\/script>\n<!-- \/ Yoast SEO plugin. -->","yoast_head_json":{"title":"Arroz y tartana II (B. Ib\u00e1\u00f1ez, 1894) - Aram Art Gallery","description":"Adaptation in ceramics of a hand-painted plate, representation of the novel by the Valencian author B. Ib\u00e1\u00f1ez Arroz y tartana published in 1894.","robots":{"index":"index","follow":"follow","max-snippet":"max-snippet:-1","max-image-preview":"max-image-preview:large","max-video-preview":"max-video-preview:-1"},"canonical":"https:\/\/aramgaleria.com\/en\/artworks\/arroz-y-tartana-ii-b-ibanez-1894\/","og_locale":"en_US","og_type":"article","og_title":"Arroz y tartana II (B. Ib\u00e1\u00f1ez, 1894) - Aram Art Gallery","og_description":"Adaptation in ceramics of a hand-painted plate, representation of the novel by the Valencian author B. Ib\u00e1\u00f1ez Arroz y tartana published in 1894.","og_url":"https:\/\/aramgaleria.com\/en\/artworks\/arroz-y-tartana-ii-b-ibanez-1894\/","og_site_name":"Aram Art Gallery","article_publisher":"https:\/\/www.facebook.com\/galeriadeartearam","article_modified_time":"2022-11-16T11:42:22+00:00","og_image":[{"width":2202,"height":2048,"url":"https:\/\/aramgaleria.com\/wp-content\/uploads\/2022\/11\/Bi011.jpg","type":"image\/jpeg"}],"twitter_card":"summary_large_image","twitter_site":"@aramgaleria","twitter_misc":{"Est. reading time":"1 minute"},"schema":{"@context":"https:\/\/schema.org","@graph":[{"@type":"WebPage","@id":"https:\/\/aramgaleria.com\/en\/artworks\/arroz-y-tartana-ii-b-ibanez-1894\/","url":"https:\/\/aramgaleria.com\/en\/artworks\/arroz-y-tartana-ii-b-ibanez-1894\/","name":"Arroz y tartana II (B. Ib\u00e1\u00f1ez, 1894) - Aram Art Gallery","isPartOf":{"@id":"https:\/\/aramgaleria.com\/en\/#website"},"primaryImageOfPage":{"@id":"https:\/\/aramgaleria.com\/en\/artworks\/arroz-y-tartana-ii-b-ibanez-1894\/#primaryimage"},"image":{"@id":"https:\/\/aramgaleria.com\/en\/artworks\/arroz-y-tartana-ii-b-ibanez-1894\/#primaryimage"},"thumbnailUrl":"https:\/\/aramgaleria.com\/wp-content\/uploads\/2022\/11\/Bi011.jpg","datePublished":"2022-11-07T12:14:15+00:00","dateModified":"2022-11-16T11:42:22+00:00","description":"Adaptation in ceramics of a hand-painted plate, representation of the novel by the Valencian author B. Ib\u00e1\u00f1ez Arroz y tartana published in 1894.","breadcrumb":{"@id":"https:\/\/aramgaleria.com\/en\/artworks\/arroz-y-tartana-ii-b-ibanez-1894\/#breadcrumb"},"inLanguage":"en-US","potentialAction":[{"@type":"ReadAction","target":["https:\/\/aramgaleria.com\/en\/artworks\/arroz-y-tartana-ii-b-ibanez-1894\/"]}]},{"@type":"ImageObject","inLanguage":"en-US","@id":"https:\/\/aramgaleria.com\/en\/artworks\/arroz-y-tartana-ii-b-ibanez-1894\/#primaryimage","url":"https:\/\/aramgaleria.com\/wp-content\/uploads\/2022\/11\/Bi011.jpg","contentUrl":"https:\/\/aramgaleria.com\/wp-content\/uploads\/2022\/11\/Bi011.jpg","width":2202,"height":2048,"caption":"plato ceramica decorativa novela iba\u00f1ez"},{"@type":"BreadcrumbList","@id":"https:\/\/aramgaleria.com\/en\/artworks\/arroz-y-tartana-ii-b-ibanez-1894\/#breadcrumb","itemListElement":[{"@type":"ListItem","position":1,"name":"Portada","item":"https:\/\/aramgaleria.com\/en\/"},{"@type":"ListItem","position":2,"name":"ARTWORKS","item":"https:\/\/aramgaleria.com\/en\/artworks\/"},{"@type":"ListItem","position":3,"name":"Arroz y tartana II (B. Ib\u00e1\u00f1ez, 1894)"}]},{"@type":"WebSite","@id":"https:\/\/aramgaleria.com\/en\/#website","url":"https:\/\/aramgaleria.com\/en\/","name":"Galer\u00eda de Arte Aram","description":"Space for the promotion and sale of works of art.","publisher":{"@id":"https:\/\/aramgaleria.com\/en\/#organization"},"potentialAction":[{"@type":"SearchAction","target":{"@type":"EntryPoint","urlTemplate":"https:\/\/aramgaleria.com\/en\/?s={search_term_string}"},"query-input":{"@type":"PropertyValueSpecification","valueRequired":true,"valueName":"search_term_string"}}],"inLanguage":"en-US"},{"@type":"Organization","@id":"https:\/\/aramgaleria.com\/en\/#organization","name":"Galer\u00eda de Arte Aram","url":"https:\/\/aramgaleria.com\/en\/","logo":{"@type":"ImageObject","inLanguage":"en-US","@id":"https:\/\/aramgaleria.com\/en\/#\/schema\/logo\/image\/","url":"https:\/\/aramgaleria.com\/wp-content\/uploads\/2025\/08\/www.aramgaleria.com_.png","contentUrl":"https:\/\/aramgaleria.com\/wp-content\/uploads\/2025\/08\/www.aramgaleria.com_.png","width":1366,"height":768,"caption":"Galer\u00eda de Arte Aram"},"image":{"@id":"https:\/\/aramgaleria.com\/en\/#\/schema\/logo\/image\/"},"sameAs":["https:\/\/www.facebook.com\/galeriadeartearam","https:\/\/x.com\/aramgaleria","https:\/\/www.instagram.com\/galeria_aram\/"]}]}},"_links":{"self":[{"href":"https:\/\/aramgaleria.com\/en\/wp-json\/wp\/v2\/product\/1746","targetHints":{"allow":["GET"]}}],"collection":[{"href":"https:\/\/aramgaleria.com\/en\/wp-json\/wp\/v2\/product"}],"about":[{"href":"https:\/\/aramgaleria.com\/en\/wp-json\/wp\/v2\/types\/product"}],"wp:featuredmedia":[{"embeddable":true,"href":"https:\/\/aramgaleria.com\/en\/wp-json\/wp\/v2\/media\/1748"}],"wp:attachment":[{"href":"https:\/\/aramgaleria.com\/en\/wp-json\/wp\/v2\/media?parent=1746"}],"wp:term":[{"taxonomy":"product_brand","embeddable":true,"href":"https:\/\/aramgaleria.com\/en\/wp-json\/wp\/v2\/product_brand?post=1746"},{"taxonomy":"product_cat","embeddable":true,"href":"https:\/\/aramgaleria.com\/en\/wp-json\/wp\/v2\/product_cat?post=1746"},{"taxonomy":"product_tag","embeddable":true,"href":"https:\/\/aramgaleria.com\/en\/wp-json\/wp\/v2\/product_tag?post=1746"}],"curies":[{"name":"wp","href":"https:\/\/api.w.org\/{rel}","templated":true}]}}